{"id":3,"date":"2023-06-06T15:13:33","date_gmt":"2023-06-06T13:13:33","guid":{"rendered":"https:\/\/isocelartiste.com\/boutique\/?page_id=3"},"modified":"2023-08-04T16:44:39","modified_gmt":"2023-08-04T14:44:39","slug":"politique-de-confidentialite","status":"publish","type":"page","link":"https:\/\/isocelartiste.com\/boutique\/politique-de-confidentialite\/","title":{"rendered":"Politique de confidentialit\u00e9"},"content":{"rendered":"\n<h2 class=\"wp-block-heading\">Conditions G\u00e9n\u00e9rales<\/h2>\n\n\n\n<p>Un autre angle Prod pr\u00eate une attention particuli\u00e8re \u00e0 la sauvegarde et l\u2019int\u00e9grit\u00e9 de vos donn\u00e9es personnelles ainsi qu\u2019au respect de vos droits. Nous assurons un haut niveau de protection de vos donn\u00e9es personnelles conform\u00e9ment au R\u00e8glement G\u00e9n\u00e9ral sur la Protection des Donn\u00e9es (RGPD).<\/p>\n\n\n\n<p><strong>Responsable du traitement des donn\u00e9es<\/strong><br><strong>Entreprise :&nbsp;<\/strong>Un autre angle Prod (EI)<br><strong>Adresse :&nbsp;<\/strong>149 Avenue du Maine 75014 Paris &#8211; France<br><strong>SIRET :<\/strong> 92107369800018<br><strong>Email :&nbsp;<\/strong>unautreangleprod@gmail.com<br><strong>H\u00e9bergeur site internet : <\/strong>LWS &#8211; 10 rue Penthi\u00e8vre 75008 Paris &#8211; France<br><\/p>\n\n\n\n<h3 class=\"wp-block-heading\">Objet du traitement de vos donn\u00e9es<\/h3>\n\n\n\n<p>Un autre angle Prod est amen\u00e9 \u00e0 traiter vos donn\u00e9es personnelles pour les finalit\u00e9s suivantes :<br><br><strong>CONTACTS :\u00a0<\/strong>nous collectons les donn\u00e9es que vous nous communiquez volontairement et en connaissance de cause, dans le cadre de nos formulaires de contact via notre web (demande d\u2019information ou de devis) ou lors de vos \u00e9changes avec nos services, conform\u00e9ment au RGPD. Les donn\u00e9es collect\u00e9es permettent aussi de vous communiquer des messages relatifs \u00e0 l&#8217;actualit\u00e9 du chanteur Isocel ou encore des informations promotionnelles, conform\u00e9ment au RGPD.<br><strong>CLIENTS :\u00a0<\/strong>g\u00e9rer et ex\u00e9cuter les commandes, conform\u00e9ment au RGPD.<\/p>\n\n\n\n<h3 class=\"wp-block-heading\">Partage de vos donn\u00e9es personnelles<\/h3>\n\n\n\n<p>Vos donn\u00e9es ne seront pas soumises \u00e0 des tiers, except\u00e9 en cas d\u2019obligation l\u00e9gale envers une autorit\u00e9 judiciaire, gouvernementale ou r\u00e9glementaire.<\/p>\n\n\n\n<h3 class=\"wp-block-heading\">Dur\u00e9es de stockage de vos donn\u00e9es<\/h3>\n\n\n\n<p>Vos donn\u00e9es personnelles seront conserv\u00e9es afin de mener \u00e0 bien la prestation de services pour laquelle elles nous ont \u00e9t\u00e9 transmises.<br><strong>Donn\u00e9es des clients ou de contact :\u00a0<\/strong>tout au long de la prestation de services et afin de respecter nos obligations l\u00e9gales.<br><strong>Donn\u00e9es utilis\u00e9es \u00e0 des fins commerciales ou d&#8217;informations sur l&#8217;activit\u00e9 du chanteur Isocel :\u00a0<\/strong>jusqu\u2019\u00e0 ce que vous en demandiez la suppression.<\/p>\n\n\n\n<h3 class=\"wp-block-heading\">Droits de l\u2019int\u00e9ress\u00e9<\/h3>\n\n\n\n<p>En tant qu\u2019utilisateur de la boutique officielle Isocel, vous pouvez exercer votre droit d\u2019acc\u00e8s, de rectification, de suppression, d\u2019opposition, de limitation et de portabilit\u00e9 de vos donn\u00e9es personnelles. Dans ce cas, notre entreprise se limitera \u00e0 utiliser les \u00e9l\u00e9ments strictement n\u00e9cessaires pour mener \u00e0 bien quelconque r\u00e9clamation.<\/p>\n\n\n\n<p>Si vous souhaitez exercer l\u2019un de ces droits, vous pouvez nous contacter par courrier \u00e9lectronique : unautreangleprod@gmail.com. En cas de litige, vous avez le droit de d\u00e9poser une plainte aupr\u00e8s de l\u2019autorit\u00e9 de contr\u00f4le comp\u00e9tente en mati\u00e8re de protection de donn\u00e9es.<\/p>\n\n\n\n<p>Si vous avez d\u00e9pos\u00e9 des commentaires sur le site, vous pouvez demander \u00e0 recevoir un fichier contenant toutes les donn\u00e9es personnelles que nous poss\u00e9dons \u00e0 votre sujet, incluant celles que vous nous avez fournies. Vous pouvez \u00e9galement demander la suppression des donn\u00e9es personnelles vous concernant. Cela ne prend pas en compte les donn\u00e9es stock\u00e9es \u00e0 des fins administratives, l\u00e9gales ou pour des raisons de s\u00e9curit\u00e9.<\/p>\n\n\n\n<h2 class=\"wp-block-heading\">Commentaires<\/h2>\n\n\n\n<p>Quand vous laissez un commentaire sur notre site, les donn\u00e9es inscrites dans le formulaire de commentaire, ainsi que votre adresse IP et l\u2019agent utilisateur de votre navigateur sont collect\u00e9s pour nous aider \u00e0 la d\u00e9tection des commentaires ind\u00e9sirables.<\/p>\n\n\n\n<p>Une cha\u00eene anonymis\u00e9e cr\u00e9\u00e9e \u00e0 partir de votre adresse e-mail (\u00e9galement appel\u00e9e hash) peut \u00eatre envoy\u00e9e au service Gravatar pour v\u00e9rifier si vous utilisez ce dernier. Les clauses de confidentialit\u00e9 du service Gravatar sont disponibles ici&nbsp;: https:\/\/automattic.com\/privacy\/. Apr\u00e8s validation de votre commentaire, votre photo de profil sera visible publiquement \u00e0 cot\u00e9 de votre commentaire.<\/p>\n\n\n\n<h2 class=\"wp-block-heading\">M\u00e9dias<\/h2>\n\n\n\n<p>Si vous t\u00e9l\u00e9versez des images sur le site, nous vous conseillons d\u2019\u00e9viter de t\u00e9l\u00e9verser des images contenant des donn\u00e9es EXIF de coordonn\u00e9es GPS. Les personnes visitant votre site peuvent t\u00e9l\u00e9charger et extraire des donn\u00e9es de localisation depuis ces images.<\/p>\n","protected":false},"excerpt":{"rendered":"<p>Conditions G\u00e9n\u00e9rales Un autre angle Prod pr\u00eate une attention particuli\u00e8re \u00e0 la sauvegarde et l\u2019int\u00e9grit\u00e9 de vos donn\u00e9es personnelles ainsi qu\u2019au respect de vos droits. Nous assurons un haut niveau de protection de vos donn\u00e9es personnelles conform\u00e9ment au R\u00e8glement G\u00e9n\u00e9ral sur la Protection des Donn\u00e9es (RGPD). Responsable du traitement des donn\u00e9esEntreprise :&nbsp;Un autre angle Prod [&hellip;]<\/p>\n","protected":false},"author":1,"featured_media":0,"parent":0,"menu_order":0,"comment_status":"closed","ping_status":"open","template":"","meta":{"footnotes":""},"class_list":["post-3","page","type-page","status-publish","hentry"],"blocksy_meta":[],"jetpack_sharing_enabled":true,"_links":{"self":[{"href":"https:\/\/isocelartiste.com\/boutique\/wp-json\/wp\/v2\/pages\/3","targetHints":{"allow":["GET"]}}],"collection":[{"href":"https:\/\/isocelartiste.com\/boutique\/wp-json\/wp\/v2\/pages"}],"about":[{"href":"https:\/\/isocelartiste.com\/boutique\/wp-json\/wp\/v2\/types\/page"}],"author":[{"embeddable":true,"href":"https:\/\/isocelartiste.com\/boutique\/wp-json\/wp\/v2\/users\/1"}],"replies":[{"embeddable":true,"href":"https:\/\/isocelartiste.com\/boutique\/wp-json\/wp\/v2\/comments?post=3"}],"version-history":[{"count":10,"href":"https:\/\/isocelartiste.com\/boutique\/wp-json\/wp\/v2\/pages\/3\/revisions"}],"predecessor-version":[{"id":2183,"href":"https:\/\/isocelartiste.com\/boutique\/wp-json\/wp\/v2\/pages\/3\/revisions\/2183"}],"wp:attachment":[{"href":"https:\/\/isocelartiste.com\/boutique\/wp-json\/wp\/v2\/media?parent=3"}],"curies":[{"name":"wp","href":"https:\/\/api.w.org\/{rel}","templated":true}]}}